{"id":1354,"date":"2022-06-02T16:26:59","date_gmt":"2022-06-02T14:26:59","guid":{"rendered":"https:\/\/www.bikelicence.cz\/wysylka-i-platnosc\/"},"modified":"2023-03-23T14:49:33","modified_gmt":"2023-03-23T13:49:33","slug":"wysylka-i-platnosc","status":"publish","type":"page","link":"https:\/\/www.bikelicence.cz\/pl\/wysylka-i-platnosc\/","title":{"rendered":"Wysy\u0142ka i&nbsp;p\u0142atno\u015b\u0107"},"content":{"rendered":"\n<p>Zam\u00f3wienia realizowane s\u0105 online (drog\u0105 elektroniczn\u0105).<\/p>\n\n<p>P\u0142atno\u015b\u0107 mo\u017cliwa jest przelewem bankowym lub kart\u0105 kredytow\u0105.<\/p>\n\n<p>Dostawca bramki p\u0142atniczej: <a rel=\"noreferrer noopener\" href=\"https:\/\/www.comgate.cz\/cz\/platebni-brana\" target=\"_blank\">comGate Payments, a.s.<\/a><br\/><\/p>\n\n<p>Reklamacje lub pytania dotycz\u0105ce p\u0142atno\u015bci kart\u0105:<br\/><em>ComGate Payments, a.s.<br\/>Go\u010d\u00e1rova t\u0159\u00edda 1754 \/ 48b, Hradec Kr\u00e1lov\u00e9<br\/>E-mail: platby-podpora@comgate.cz<br\/>Tel: +420&nbsp;228&nbsp;224&nbsp;267<\/em><\/p>\n","protected":false},"excerpt":{"rendered":"<p>Zam\u00f3wienia realizowane s\u0105 online (drog\u0105 elektroniczn\u0105). P\u0142atno\u015b\u0107 mo\u017cliwa jest przelewem bankowym lub kart\u0105 kredytow\u0105. Dostawca bramki p\u0142atniczej: comGate Payments, a.s. Reklamacje lub pytania dotycz\u0105ce p\u0142atno\u015bci kart\u0105:ComGate Payments, a.s.Go\u010d\u00e1rova t\u0159\u00edda 1754 \/ 48b, Hradec Kr\u00e1lov\u00e9E-mail: platby-podpora@comgate.czTel: +420&nbsp;228&nbsp;224&nbsp;267<\/p>\n","protected":false},"author":1,"featured_media":0,"parent":0,"menu_order":0,"comment_status":"closed","ping_status":"closed","template":"","meta":{"footnotes":""},"class_list":["post-1354","page","type-page","status-publish","hentry"],"_links":{"self":[{"href":"https:\/\/www.bikelicence.cz\/pl\/wp-json\/wp\/v2\/pages\/1354","targetHints":{"allow":["GET"]}}],"collection":[{"href":"https:\/\/www.bikelicence.cz\/pl\/wp-json\/wp\/v2\/pages"}],"about":[{"href":"https:\/\/www.bikelicence.cz\/pl\/wp-json\/wp\/v2\/types\/page"}],"author":[{"embeddable":true,"href":"https:\/\/www.bikelicence.cz\/pl\/wp-json\/wp\/v2\/users\/1"}],"replies":[{"embeddable":true,"href":"https:\/\/www.bikelicence.cz\/pl\/wp-json\/wp\/v2\/comments?post=1354"}],"version-history":[{"count":1,"href":"https:\/\/www.bikelicence.cz\/pl\/wp-json\/wp\/v2\/pages\/1354\/revisions"}],"predecessor-version":[{"id":1357,"href":"https:\/\/www.bikelicence.cz\/pl\/wp-json\/wp\/v2\/pages\/1354\/revisions\/1357"}],"wp:attachment":[{"href":"https:\/\/www.bikelicence.cz\/pl\/wp-json\/wp\/v2\/media?parent=1354"}],"curies":[{"name":"wp","href":"https:\/\/api.w.org\/{rel}","templated":true}]}}