{"id":1356,"date":"2019-12-03T22:44:54","date_gmt":"2019-12-03T21:44:54","guid":{"rendered":"https:\/\/www.bikelicence.cz\/bikelicence\/"},"modified":"2023-03-23T14:49:33","modified_gmt":"2023-03-23T13:49:33","slug":"bikelicence","status":"publish","type":"page","link":"https:\/\/www.bikelicence.cz\/pl\/","title":{"rendered":"Bikelicence"},"content":{"rendered":"\n<h2 class=\"wp-block-heading\">Kim jeste\u015bmy<\/h2>\n\n<p>Jeste\u015bmy zespo\u0142em instruktor\u00f3w i&nbsp;trener\u00f3w MTB i&nbsp;PMBI. Jako jedyni w Czechach posiadamy niezb\u0119dne akredytacje. Podnosimy profesjonalne standardy instrukta\u017cu kolarstwa terenowego i&nbsp;robimy kursy kanadyjskie tu w Czechach. Wsp\u00f3\u0142pracujemy z&nbsp;Uniwersytetem Palackiego w O\u0142omu\u0144cu, Czeskim Stowarzyszeniem Rower\u00f3w G\u00f3rskich \u010cEMBA oraz Stowarzyszeniem Profesjonalnych Instruktor\u00f3w Rower\u00f3w G\u00f3rskich PMBIA. Wi\u0119kszo\u015b\u0107 z&nbsp;nas to wieloletni instruktorzy innych sport\u00f3w g\u00f3rskich.  <\/p>\n","protected":false},"excerpt":{"rendered":"<p>Kim jeste\u015bmy Jeste\u015bmy zespo\u0142em instruktor\u00f3w i&nbsp;trener\u00f3w MTB i&nbsp;PMBI. Jako jedyni w Czechach posiadamy niezb\u0119dne akredytacje. Podnosimy profesjonalne standardy instrukta\u017cu kolarstwa terenowego i&nbsp;robimy kursy kanadyjskie tu w Czechach. Wsp\u00f3\u0142pracujemy z&nbsp;Uniwersytetem Palackiego w O\u0142omu\u0144cu, Czeskim Stowarzyszeniem Rower\u00f3w G\u00f3rskich \u010cEMBA oraz Stowarzyszeniem Profesjonalnych Instruktor\u00f3w Rower\u00f3w G\u00f3rskich PMBIA. Wi\u0119kszo\u015b\u0107 z&nbsp;nas to wieloletni instruktorzy innych sport\u00f3w g\u00f3rskich.<\/p>\n","protected":false},"author":1,"featured_media":1249,"parent":0,"menu_order":0,"comment_status":"closed","ping_status":"closed","template":"","meta":{"footnotes":""},"class_list":["post-1356","page","type-page","status-publish","has-post-thumbnail","hentry"],"_links":{"self":[{"href":"https:\/\/www.bikelicence.cz\/pl\/wp-json\/wp\/v2\/pages\/1356","targetHints":{"allow":["GET"]}}],"collection":[{"href":"https:\/\/www.bikelicence.cz\/pl\/wp-json\/wp\/v2\/pages"}],"about":[{"href":"https:\/\/www.bikelicence.cz\/pl\/wp-json\/wp\/v2\/types\/page"}],"author":[{"embeddable":true,"href":"https:\/\/www.bikelicence.cz\/pl\/wp-json\/wp\/v2\/users\/1"}],"replies":[{"embeddable":true,"href":"https:\/\/www.bikelicence.cz\/pl\/wp-json\/wp\/v2\/comments?post=1356"}],"version-history":[{"count":1,"href":"https:\/\/www.bikelicence.cz\/pl\/wp-json\/wp\/v2\/pages\/1356\/revisions"}],"predecessor-version":[{"id":1362,"href":"https:\/\/www.bikelicence.cz\/pl\/wp-json\/wp\/v2\/pages\/1356\/revisions\/1362"}],"wp:featuredmedia":[{"embeddable":true,"href":"https:\/\/www.bikelicence.cz\/pl\/wp-json\/wp\/v2\/media\/1249"}],"wp:attachment":[{"href":"https:\/\/www.bikelicence.cz\/pl\/wp-json\/wp\/v2\/media?parent=1356"}],"curies":[{"name":"wp","href":"https:\/\/api.w.org\/{rel}","templated":true}]}}