{"id":1404,"date":"2022-12-10T18:37:06","date_gmt":"2022-12-10T17:37:06","guid":{"rendered":"https:\/\/www.bikelicence.cz\/shop\/bez-kategorii\/voucher-upominkowy-na-kurs-prawa-jazdy-na-rower-itc-c\/"},"modified":"2022-12-10T18:37:06","modified_gmt":"2022-12-10T17:37:06","slug":"gift-voucher-na-licencje-rowerowa-itc-c","status":"publish","type":"product","link":"https:\/\/www.bikelicence.cz\/pl\/sklep\/bony-upominkowe\/gift-voucher-na-licencje-rowerowa-itc-c\/","title":{"rendered":"Voucher upominkowy na kurs prawa jazdy na rower ITC-C"},"content":{"rendered":"<p>Spraw rado\u015b\u0107 swoim bliskim, rowerzystom, motocyklistom z&nbsp;bonem na kursy prawa jazdy na rower. Voucher jest wa\u017cny przez 120 dni.<\/p>\n","protected":false},"excerpt":{"rendered":"<p>Spraw rado\u015b\u0107 swoim bliskim, rowerzystom, motocyklistom z&nbsp;bonem na kursy prawa jazdy na rower. Voucher jest wa\u017cny przez 120 dni.<\/p>\n","protected":false},"featured_media":1292,"template":"","meta":[],"product_brand":[],"product_cat":[91],"product_tag":[],"class_list":{"0":"post-1404","1":"product","2":"type-product","3":"status-publish","4":"has-post-thumbnail","6":"product_cat-bony-upominkowe","8":"first","9":"instock","10":"shipping-taxable","11":"purchasable","12":"product-type-simple"},"_links":{"self":[{"href":"https:\/\/www.bikelicence.cz\/pl\/wp-json\/wp\/v2\/product\/1404","targetHints":{"allow":["GET"]}}],"collection":[{"href":"https:\/\/www.bikelicence.cz\/pl\/wp-json\/wp\/v2\/product"}],"about":[{"href":"https:\/\/www.bikelicence.cz\/pl\/wp-json\/wp\/v2\/types\/product"}],"wp:featuredmedia":[{"embeddable":true,"href":"https:\/\/www.bikelicence.cz\/pl\/wp-json\/wp\/v2\/media\/1292"}],"wp:attachment":[{"href":"https:\/\/www.bikelicence.cz\/pl\/wp-json\/wp\/v2\/media?parent=1404"}],"wp:term":[{"taxonomy":"product_brand","embeddable":true,"href":"https:\/\/www.bikelicence.cz\/pl\/wp-json\/wp\/v2\/product_brand?post=1404"},{"taxonomy":"product_cat","embeddable":true,"href":"https:\/\/www.bikelicence.cz\/pl\/wp-json\/wp\/v2\/product_cat?post=1404"},{"taxonomy":"product_tag","embeddable":true,"href":"https:\/\/www.bikelicence.cz\/pl\/wp-json\/wp\/v2\/product_tag?post=1404"}],"curies":[{"name":"wp","href":"https:\/\/api.w.org\/{rel}","templated":true}]}}